{"id":2,"date":"2023-07-12T06:52:19","date_gmt":"2023-07-12T06:52:19","guid":{"rendered":"https:\/\/carniceriaetxebeste.com\/tienda\/?page_id=2"},"modified":"2024-11-26T17:21:09","modified_gmt":"2024-11-26T16:21:09","slug":"sample-page","status":"publish","type":"page","link":"https:\/\/carniceriaetxebeste.com\/tienda\/","title":{"rendered":"Home"},"content":{"rendered":"","protected":false},"excerpt":{"rendered":"","protected":false},"author":4,"featured_media":0,"parent":0,"menu_order":0,"comment_status":"closed","ping_status":"open","template":"template-homepage-shop.php","meta":{"footnotes":""},"class_list":["post-2","page","type-page","status-publish","hentry"],"yoast_head":"<!-- This site is optimized with the Yoast SEO plugin v23.9 - https:\/\/yoast.com\/wordpress\/plugins\/seo\/ -->\n<title>Carnicer\u00eda venta online Donosti | KM0 | Producto vasco |ETXEBESTE<\/title>\n<meta name=\"description\" content=\"Carne vasca, producto local en nuestra tienda online. Carne de calidad, KM0 desde Donostia. Compra sostenible. Env\u00edo a domicilio.\" \/>\n<meta name=\"robots\" content=\"index, follow, max-snippet:-1, max-image-preview:large, max-video-preview:-1\" \/>\n<link rel=\"canonical\" href=\"https:\/\/carniceriaetxebeste.com\/tienda\/\" \/>\n<meta property=\"og:locale\" content=\"es_ES\" \/>\n<meta property=\"og:type\" content=\"article\" \/>\n<meta property=\"og:title\" content=\"Carnicer\u00eda venta online Donosti | KM0 | Producto vasco |ETXEBESTE\" \/>\n<meta property=\"og:description\" content=\"Carne vasca, producto local en nuestra tienda online. Carne de calidad, KM0 desde Donostia. Compra sostenible. Env\u00edo a domicilio.\" \/>\n<meta property=\"og:url\" content=\"https:\/\/carniceriaetxebeste.com\/tienda\/\" \/>\n<meta property=\"og:site_name\" content=\"Carnicer\u00eda Etxebeste Tienda\" \/>\n<meta property=\"article:modified_time\" content=\"2024-11-26T16:21:09+00:00\" \/>\n<meta property=\"og:image\" content=\"https:\/\/carniceriaetxebeste.com\/tienda\/wp-content\/uploads\/sites\/2\/2023\/09\/Etxebeste_carniceria_logo_.png\" \/>\n\t<meta property=\"og:image:width\" content=\"1200\" \/>\n\t<meta property=\"og:image:height\" content=\"675\" \/>\n\t<meta property=\"og:image:type\" content=\"image\/png\" \/>\n<meta name=\"twitter:card\" content=\"summary_large_image\" \/>\n<script type=\"application\/ld+json\" class=\"yoast-schema-graph\">{\"@context\":\"https:\/\/schema.org\",\"@graph\":[{\"@type\":\"WebPage\",\"@id\":\"https:\/\/carniceriaetxebeste.com\/tienda\/\",\"url\":\"https:\/\/carniceriaetxebeste.com\/tienda\/\",\"name\":\"Carnicer\u00eda venta online Donosti | KM0 | Producto vasco |ETXEBESTE\",\"isPartOf\":{\"@id\":\"https:\/\/carniceriaetxebeste.com\/tienda\/#website\"},\"datePublished\":\"2023-07-12T06:52:19+00:00\",\"dateModified\":\"2024-11-26T16:21:09+00:00\",\"description\":\"Carne vasca, producto local en nuestra tienda online. Carne de calidad, KM0 desde Donostia. Compra sostenible. Env\u00edo a domicilio.\",\"breadcrumb\":{\"@id\":\"https:\/\/carniceriaetxebeste.com\/tienda\/#breadcrumb\"},\"inLanguage\":\"es\",\"potentialAction\":[{\"@type\":\"ReadAction\",\"target\":[\"https:\/\/carniceriaetxebeste.com\/tienda\/\"]}]},{\"@type\":\"BreadcrumbList\",\"@id\":\"https:\/\/carniceriaetxebeste.com\/tienda\/#breadcrumb\",\"itemListElement\":[{\"@type\":\"ListItem\",\"position\":1,\"name\":\"Home\",\"item\":\"https:\/\/carniceriaetxebeste.com\/tienda\/\"},{\"@type\":\"ListItem\",\"position\":2,\"name\":\"Home\"}]},{\"@type\":\"WebSite\",\"@id\":\"https:\/\/carniceriaetxebeste.com\/tienda\/#website\",\"url\":\"https:\/\/carniceriaetxebeste.com\/tienda\/\",\"name\":\"Carnicer\u00eda Etxebeste Tienda\",\"description\":\"M\u00e1s de 100 a\u00f1os de tradici\u00f3n familiar carnicera\",\"publisher\":{\"@id\":\"https:\/\/carniceriaetxebeste.com\/tienda\/#organization\"},\"alternateName\":\"Tienda, venta de carne y casquer\u00eda en Donosti\",\"potentialAction\":[{\"@type\":\"SearchAction\",\"target\":{\"@type\":\"EntryPoint\",\"urlTemplate\":\"https:\/\/carniceriaetxebeste.com\/tienda\/?s={search_term_string}\"},\"query-input\":{\"@type\":\"PropertyValueSpecification\",\"valueRequired\":true,\"valueName\":\"search_term_string\"}}],\"inLanguage\":\"es\"},{\"@type\":\"Organization\",\"@id\":\"https:\/\/carniceriaetxebeste.com\/tienda\/#organization\",\"name\":\"Tienda online Etxebeste Carnicer\u00eda\",\"url\":\"https:\/\/carniceriaetxebeste.com\/tienda\/\",\"logo\":{\"@type\":\"ImageObject\",\"inLanguage\":\"es\",\"@id\":\"https:\/\/carniceriaetxebeste.com\/tienda\/#\/schema\/logo\/image\/\",\"url\":\"https:\/\/carniceriaetxebeste.com\/tienda\/wp-content\/uploads\/sites\/2\/2023\/09\/Etxebeste_carniceria_logo_.png\",\"contentUrl\":\"https:\/\/carniceriaetxebeste.com\/tienda\/wp-content\/uploads\/sites\/2\/2023\/09\/Etxebeste_carniceria_logo_.png\",\"width\":1200,\"height\":675,\"caption\":\"Tienda online Etxebeste Carnicer\u00eda\"},\"image\":{\"@id\":\"https:\/\/carniceriaetxebeste.com\/tienda\/#\/schema\/logo\/image\/\"}}]}<\/script>\n<!-- \/ Yoast SEO plugin. -->","yoast_head_json":{"title":"Carnicer\u00eda venta online Donosti | KM0 | Producto vasco |ETXEBESTE","description":"Carne vasca, producto local en nuestra tienda online. Carne de calidad, KM0 desde Donostia. Compra sostenible. Env\u00edo a domicilio.","robots":{"index":"index","follow":"follow","max-snippet":"max-snippet:-1","max-image-preview":"max-image-preview:large","max-video-preview":"max-video-preview:-1"},"canonical":"https:\/\/carniceriaetxebeste.com\/tienda\/","og_locale":"es_ES","og_type":"article","og_title":"Carnicer\u00eda venta online Donosti | KM0 | Producto vasco |ETXEBESTE","og_description":"Carne vasca, producto local en nuestra tienda online. Carne de calidad, KM0 desde Donostia. Compra sostenible. Env\u00edo a domicilio.","og_url":"https:\/\/carniceriaetxebeste.com\/tienda\/","og_site_name":"Carnicer\u00eda Etxebeste Tienda","article_modified_time":"2024-11-26T16:21:09+00:00","og_image":[{"width":1200,"height":675,"url":"https:\/\/carniceriaetxebeste.com\/tienda\/wp-content\/uploads\/sites\/2\/2023\/09\/Etxebeste_carniceria_logo_.png","type":"image\/png"}],"twitter_card":"summary_large_image","schema":{"@context":"https:\/\/schema.org","@graph":[{"@type":"WebPage","@id":"https:\/\/carniceriaetxebeste.com\/tienda\/","url":"https:\/\/carniceriaetxebeste.com\/tienda\/","name":"Carnicer\u00eda venta online Donosti | KM0 | Producto vasco |ETXEBESTE","isPartOf":{"@id":"https:\/\/carniceriaetxebeste.com\/tienda\/#website"},"datePublished":"2023-07-12T06:52:19+00:00","dateModified":"2024-11-26T16:21:09+00:00","description":"Carne vasca, producto local en nuestra tienda online. Carne de calidad, KM0 desde Donostia. Compra sostenible. Env\u00edo a domicilio.","breadcrumb":{"@id":"https:\/\/carniceriaetxebeste.com\/tienda\/#breadcrumb"},"inLanguage":"es","potentialAction":[{"@type":"ReadAction","target":["https:\/\/carniceriaetxebeste.com\/tienda\/"]}]},{"@type":"BreadcrumbList","@id":"https:\/\/carniceriaetxebeste.com\/tienda\/#breadcrumb","itemListElement":[{"@type":"ListItem","position":1,"name":"Home","item":"https:\/\/carniceriaetxebeste.com\/tienda\/"},{"@type":"ListItem","position":2,"name":"Home"}]},{"@type":"WebSite","@id":"https:\/\/carniceriaetxebeste.com\/tienda\/#website","url":"https:\/\/carniceriaetxebeste.com\/tienda\/","name":"Carnicer\u00eda Etxebeste Tienda","description":"M\u00e1s de 100 a\u00f1os de tradici\u00f3n familiar carnicera","publisher":{"@id":"https:\/\/carniceriaetxebeste.com\/tienda\/#organization"},"alternateName":"Tienda, venta de carne y casquer\u00eda en Donosti","potentialAction":[{"@type":"SearchAction","target":{"@type":"EntryPoint","urlTemplate":"https:\/\/carniceriaetxebeste.com\/tienda\/?s={search_term_string}"},"query-input":{"@type":"PropertyValueSpecification","valueRequired":true,"valueName":"search_term_string"}}],"inLanguage":"es"},{"@type":"Organization","@id":"https:\/\/carniceriaetxebeste.com\/tienda\/#organization","name":"Tienda online Etxebeste Carnicer\u00eda","url":"https:\/\/carniceriaetxebeste.com\/tienda\/","logo":{"@type":"ImageObject","inLanguage":"es","@id":"https:\/\/carniceriaetxebeste.com\/tienda\/#\/schema\/logo\/image\/","url":"https:\/\/carniceriaetxebeste.com\/tienda\/wp-content\/uploads\/sites\/2\/2023\/09\/Etxebeste_carniceria_logo_.png","contentUrl":"https:\/\/carniceriaetxebeste.com\/tienda\/wp-content\/uploads\/sites\/2\/2023\/09\/Etxebeste_carniceria_logo_.png","width":1200,"height":675,"caption":"Tienda online Etxebeste Carnicer\u00eda"},"image":{"@id":"https:\/\/carniceriaetxebeste.com\/tienda\/#\/schema\/logo\/image\/"}}]}},"jetpack_sharing_enabled":true,"_links":{"self":[{"href":"https:\/\/carniceriaetxebeste.com\/tienda\/wp-json\/wp\/v2\/pages\/2","targetHints":{"allow":["GET"]}}],"collection":[{"href":"https:\/\/carniceriaetxebeste.com\/tienda\/wp-json\/wp\/v2\/pages"}],"about":[{"href":"https:\/\/carniceriaetxebeste.com\/tienda\/wp-json\/wp\/v2\/types\/page"}],"author":[{"embeddable":true,"href":"https:\/\/carniceriaetxebeste.com\/tienda\/wp-json\/wp\/v2\/users\/4"}],"replies":[{"embeddable":true,"href":"https:\/\/carniceriaetxebeste.com\/tienda\/wp-json\/wp\/v2\/comments?post=2"}],"version-history":[{"count":3,"href":"https:\/\/carniceriaetxebeste.com\/tienda\/wp-json\/wp\/v2\/pages\/2\/revisions"}],"predecessor-version":[{"id":19,"href":"https:\/\/carniceriaetxebeste.com\/tienda\/wp-json\/wp\/v2\/pages\/2\/revisions\/19"}],"wp:attachment":[{"href":"https:\/\/carniceriaetxebeste.com\/tienda\/wp-json\/wp\/v2\/media?parent=2"}],"curies":[{"name":"wp","href":"https:\/\/api.w.org\/{rel}","templated":true}]}}