{"id":9,"date":"2023-11-27T17:16:48","date_gmt":"2023-11-27T16:16:48","guid":{"rendered":"https:\/\/carniceriaetxebeste.com\/tienda\/?page_id=9"},"modified":"2023-11-27T17:21:08","modified_gmt":"2023-11-27T16:21:08","slug":"devoluciones","status":"publish","type":"page","link":"https:\/\/carniceriaetxebeste.com\/tienda\/devoluciones\/","title":{"rendered":"Devoluciones"},"content":{"rendered":"<h2>DEVOLUCIONES<\/h2>\n<p>Si tiene alguna incidencia o problema en la recepci\u00f3n de su pedido, por favor p\u00f3ngase en contacto con nosotros en el siguiente n\u00famero de tel\u00e9fono: 943424792<br \/>\nSeg\u00fan lo dispuesto en el art\u00edculo 44 y siguientes de la Ley 7\/96, de 15 de Enero, de Ordenaci\u00f3n de Comercio Minorista, el cliente dispondr\u00e1 de un plazo de hasta 7 d\u00edas h\u00e1biles para desistir del contrato, ya sea por reclamaciones o devoluciones, sin penalizaci\u00f3n alguna a su cargo, pero asumiendo el coste directo de la devoluci\u00f3n del producto. Para los productos perecederos, este derecho de devoluci\u00f3n se limita a un m\u00e1ximo de 24 horas a contar desde la entrega o la recogida de lo comprado,siempre y cuando el cliente mantuviera la cadena de frio en el caso de productos precederos<br \/>\nNo se aceptar\u00e1n devoluciones de productos sin su embalaje y documentaci\u00f3n original o de productos desprecintados. Tampoco se aceptar\u00e1n devoluciones de productos con el embalaje o envoltorio deteriorados por causa imputable al Cliente, a criterio de CARNICERIA ETXEBESTE<\/p>\n<h2>PRESENTACI\u00d3N Y CADUCIDAD<\/h2>\n<p>Toda la carne la servimos porcionada y envasada individualmente al momento de realizar el pedido en el formato seleccionado. De esta manera aseguramos la mayor caducidad.<br \/>\nSi bien se etiqueta con 25 d\u00edas de caducidad en fr\u00edo 4\u00ba, sugerimos no llevarlo hasta el final de la misma ya que a partir de los 15 d\u00edas empiezan a percibirse matices que no interesan.<br \/>\nRecomendamos la congelaci\u00f3n en los casos que sepamos de no consumo antes de los primeros 5 d\u00edas. De esta manera tambi\u00e9n nos permitir\u00e1 una descongelaci\u00f3n m\u00e1s lenta y no agresiva. En estos casos sacar las piezas del congelador al frigor\u00edfico con 2 d\u00edas de antelaci\u00f3n.<\/p>\n<p>Si alguna de las piezas hubiera sufrido un pinchazo en la bolsa de vac\u00edo, la pauta es sacarla del pl\u00e1stico y consumirla en 2 d\u00edas. En su defecto congelarla protegi\u00e9ndola con aluminio o film.<br \/>\n&nbsp;<\/p>\n","protected":false},"excerpt":{"rendered":"<p>DEVOLUCIONES Si tiene alguna incidencia o problema en la recepci\u00f3n de su pedido, por favor p\u00f3ngase en contacto con nosotros en el siguiente n\u00famero de tel\u00e9fono: 943424792 Seg\u00fan lo dispuesto en el art\u00edculo 44 y siguientes &#8230;<\/p>\n","protected":false},"author":1,"featured_media":248,"parent":0,"menu_order":0,"comment_status":"closed","ping_status":"closed","template":"","meta":{"footnotes":""},"class_list":["post-9","page","type-page","status-publish","has-post-thumbnail","hentry"],"yoast_head":"<!-- This site is optimized with the Yoast SEO plugin v23.9 - https:\/\/yoast.com\/wordpress\/plugins\/seo\/ -->\n<title>Devoluciones | Carnicer\u00eda Etxebeste Tienda<\/title>\n<meta name=\"robots\" content=\"index, follow, max-snippet:-1, max-image-preview:large, max-video-preview:-1\" \/>\n<link rel=\"canonical\" href=\"https:\/\/carniceriaetxebeste.com\/tienda\/devoluciones\/\" \/>\n<meta property=\"og:locale\" content=\"es_ES\" \/>\n<meta property=\"og:type\" content=\"article\" \/>\n<meta property=\"og:title\" content=\"Devoluciones | Carnicer\u00eda Etxebeste Tienda\" \/>\n<meta property=\"og:description\" content=\"DEVOLUCIONES Si tiene alguna incidencia o problema en la recepci\u00f3n de su pedido, por favor p\u00f3ngase en contacto con nosotros en el siguiente n\u00famero de tel\u00e9fono: 943424792 Seg\u00fan lo dispuesto en el art\u00edculo 44 y siguientes ...\" \/>\n<meta property=\"og:url\" content=\"https:\/\/carniceriaetxebeste.com\/tienda\/devoluciones\/\" \/>\n<meta property=\"og:site_name\" content=\"Carnicer\u00eda Etxebeste Tienda\" \/>\n<meta property=\"article:modified_time\" content=\"2023-11-27T16:21:08+00:00\" \/>\n<meta property=\"og:image\" content=\"https:\/\/carniceriaetxebeste.com\/tienda\/wp-content\/uploads\/sites\/2\/2023\/11\/carniceriaetxebeste_condicionescompra.jpg\" \/>\n\t<meta property=\"og:image:width\" content=\"1280\" \/>\n\t<meta property=\"og:image:height\" content=\"853\" \/>\n\t<meta property=\"og:image:type\" content=\"image\/jpeg\" \/>\n<meta name=\"twitter:card\" content=\"summary_large_image\" \/>\n<meta name=\"twitter:label1\" content=\"Tiempo de lectura\" \/>\n\t<meta name=\"twitter:data1\" content=\"5 minutos\" \/>\n<script type=\"application\/ld+json\" class=\"yoast-schema-graph\">{\"@context\":\"https:\/\/schema.org\",\"@graph\":[{\"@type\":\"WebPage\",\"@id\":\"https:\/\/carniceriaetxebeste.com\/tienda\/devoluciones\/\",\"url\":\"https:\/\/carniceriaetxebeste.com\/tienda\/devoluciones\/\",\"name\":\"Devoluciones | Carnicer\u00eda Etxebeste Tienda\",\"isPartOf\":{\"@id\":\"https:\/\/carniceriaetxebeste.com\/tienda\/#website\"},\"primaryImageOfPage\":{\"@id\":\"https:\/\/carniceriaetxebeste.com\/tienda\/devoluciones\/#primaryimage\"},\"image\":{\"@id\":\"https:\/\/carniceriaetxebeste.com\/tienda\/devoluciones\/#primaryimage\"},\"thumbnailUrl\":\"https:\/\/carniceriaetxebeste.com\/tienda\/wp-content\/uploads\/sites\/2\/2023\/11\/carniceriaetxebeste_condicionescompra.jpg\",\"datePublished\":\"2023-11-27T16:16:48+00:00\",\"dateModified\":\"2023-11-27T16:21:08+00:00\",\"breadcrumb\":{\"@id\":\"https:\/\/carniceriaetxebeste.com\/tienda\/devoluciones\/#breadcrumb\"},\"inLanguage\":\"es\",\"potentialAction\":[{\"@type\":\"ReadAction\",\"target\":[\"https:\/\/carniceriaetxebeste.com\/tienda\/devoluciones\/\"]}]},{\"@type\":\"ImageObject\",\"inLanguage\":\"es\",\"@id\":\"https:\/\/carniceriaetxebeste.com\/tienda\/devoluciones\/#primaryimage\",\"url\":\"https:\/\/carniceriaetxebeste.com\/tienda\/wp-content\/uploads\/sites\/2\/2023\/11\/carniceriaetxebeste_condicionescompra.jpg\",\"contentUrl\":\"https:\/\/carniceriaetxebeste.com\/tienda\/wp-content\/uploads\/sites\/2\/2023\/11\/carniceriaetxebeste_condicionescompra.jpg\",\"width\":1280,\"height\":853},{\"@type\":\"BreadcrumbList\",\"@id\":\"https:\/\/carniceriaetxebeste.com\/tienda\/devoluciones\/#breadcrumb\",\"itemListElement\":[{\"@type\":\"ListItem\",\"position\":1,\"name\":\"Home\",\"item\":\"https:\/\/carniceriaetxebeste.com\/tienda\/\"},{\"@type\":\"ListItem\",\"position\":2,\"name\":\"Devoluciones\"}]},{\"@type\":\"WebSite\",\"@id\":\"https:\/\/carniceriaetxebeste.com\/tienda\/#website\",\"url\":\"https:\/\/carniceriaetxebeste.com\/tienda\/\",\"name\":\"Carnicer\u00eda Etxebeste Tienda\",\"description\":\"M\u00e1s de 100 a\u00f1os de tradici\u00f3n familiar carnicera\",\"publisher\":{\"@id\":\"https:\/\/carniceriaetxebeste.com\/tienda\/#organization\"},\"alternateName\":\"Tienda, venta de carne y casquer\u00eda en Donosti\",\"potentialAction\":[{\"@type\":\"SearchAction\",\"target\":{\"@type\":\"EntryPoint\",\"urlTemplate\":\"https:\/\/carniceriaetxebeste.com\/tienda\/?s={search_term_string}\"},\"query-input\":{\"@type\":\"PropertyValueSpecification\",\"valueRequired\":true,\"valueName\":\"search_term_string\"}}],\"inLanguage\":\"es\"},{\"@type\":\"Organization\",\"@id\":\"https:\/\/carniceriaetxebeste.com\/tienda\/#organization\",\"name\":\"Tienda online Etxebeste Carnicer\u00eda\",\"url\":\"https:\/\/carniceriaetxebeste.com\/tienda\/\",\"logo\":{\"@type\":\"ImageObject\",\"inLanguage\":\"es\",\"@id\":\"https:\/\/carniceriaetxebeste.com\/tienda\/#\/schema\/logo\/image\/\",\"url\":\"https:\/\/carniceriaetxebeste.com\/tienda\/wp-content\/uploads\/sites\/2\/2023\/09\/Etxebeste_carniceria_logo_.png\",\"contentUrl\":\"https:\/\/carniceriaetxebeste.com\/tienda\/wp-content\/uploads\/sites\/2\/2023\/09\/Etxebeste_carniceria_logo_.png\",\"width\":1200,\"height\":675,\"caption\":\"Tienda online Etxebeste Carnicer\u00eda\"},\"image\":{\"@id\":\"https:\/\/carniceriaetxebeste.com\/tienda\/#\/schema\/logo\/image\/\"}}]}<\/script>\n<!-- \/ Yoast SEO plugin. -->","yoast_head_json":{"title":"Devoluciones | Carnicer\u00eda Etxebeste Tienda","robots":{"index":"index","follow":"follow","max-snippet":"max-snippet:-1","max-image-preview":"max-image-preview:large","max-video-preview":"max-video-preview:-1"},"canonical":"https:\/\/carniceriaetxebeste.com\/tienda\/devoluciones\/","og_locale":"es_ES","og_type":"article","og_title":"Devoluciones | Carnicer\u00eda Etxebeste Tienda","og_description":"DEVOLUCIONES Si tiene alguna incidencia o problema en la recepci\u00f3n de su pedido, por favor p\u00f3ngase en contacto con nosotros en el siguiente n\u00famero de tel\u00e9fono: 943424792 Seg\u00fan lo dispuesto en el art\u00edculo 44 y siguientes ...","og_url":"https:\/\/carniceriaetxebeste.com\/tienda\/devoluciones\/","og_site_name":"Carnicer\u00eda Etxebeste Tienda","article_modified_time":"2023-11-27T16:21:08+00:00","og_image":[{"width":1280,"height":853,"url":"https:\/\/carniceriaetxebeste.com\/tienda\/wp-content\/uploads\/sites\/2\/2023\/11\/carniceriaetxebeste_condicionescompra.jpg","type":"image\/jpeg"}],"twitter_card":"summary_large_image","twitter_misc":{"Tiempo de lectura":"5 minutos"},"schema":{"@context":"https:\/\/schema.org","@graph":[{"@type":"WebPage","@id":"https:\/\/carniceriaetxebeste.com\/tienda\/devoluciones\/","url":"https:\/\/carniceriaetxebeste.com\/tienda\/devoluciones\/","name":"Devoluciones | Carnicer\u00eda Etxebeste Tienda","isPartOf":{"@id":"https:\/\/carniceriaetxebeste.com\/tienda\/#website"},"primaryImageOfPage":{"@id":"https:\/\/carniceriaetxebeste.com\/tienda\/devoluciones\/#primaryimage"},"image":{"@id":"https:\/\/carniceriaetxebeste.com\/tienda\/devoluciones\/#primaryimage"},"thumbnailUrl":"https:\/\/carniceriaetxebeste.com\/tienda\/wp-content\/uploads\/sites\/2\/2023\/11\/carniceriaetxebeste_condicionescompra.jpg","datePublished":"2023-11-27T16:16:48+00:00","dateModified":"2023-11-27T16:21:08+00:00","breadcrumb":{"@id":"https:\/\/carniceriaetxebeste.com\/tienda\/devoluciones\/#breadcrumb"},"inLanguage":"es","potentialAction":[{"@type":"ReadAction","target":["https:\/\/carniceriaetxebeste.com\/tienda\/devoluciones\/"]}]},{"@type":"ImageObject","inLanguage":"es","@id":"https:\/\/carniceriaetxebeste.com\/tienda\/devoluciones\/#primaryimage","url":"https:\/\/carniceriaetxebeste.com\/tienda\/wp-content\/uploads\/sites\/2\/2023\/11\/carniceriaetxebeste_condicionescompra.jpg","contentUrl":"https:\/\/carniceriaetxebeste.com\/tienda\/wp-content\/uploads\/sites\/2\/2023\/11\/carniceriaetxebeste_condicionescompra.jpg","width":1280,"height":853},{"@type":"BreadcrumbList","@id":"https:\/\/carniceriaetxebeste.com\/tienda\/devoluciones\/#breadcrumb","itemListElement":[{"@type":"ListItem","position":1,"name":"Home","item":"https:\/\/carniceriaetxebeste.com\/tienda\/"},{"@type":"ListItem","position":2,"name":"Devoluciones"}]},{"@type":"WebSite","@id":"https:\/\/carniceriaetxebeste.com\/tienda\/#website","url":"https:\/\/carniceriaetxebeste.com\/tienda\/","name":"Carnicer\u00eda Etxebeste Tienda","description":"M\u00e1s de 100 a\u00f1os de tradici\u00f3n familiar carnicera","publisher":{"@id":"https:\/\/carniceriaetxebeste.com\/tienda\/#organization"},"alternateName":"Tienda, venta de carne y casquer\u00eda en Donosti","potentialAction":[{"@type":"SearchAction","target":{"@type":"EntryPoint","urlTemplate":"https:\/\/carniceriaetxebeste.com\/tienda\/?s={search_term_string}"},"query-input":{"@type":"PropertyValueSpecification","valueRequired":true,"valueName":"search_term_string"}}],"inLanguage":"es"},{"@type":"Organization","@id":"https:\/\/carniceriaetxebeste.com\/tienda\/#organization","name":"Tienda online Etxebeste Carnicer\u00eda","url":"https:\/\/carniceriaetxebeste.com\/tienda\/","logo":{"@type":"ImageObject","inLanguage":"es","@id":"https:\/\/carniceriaetxebeste.com\/tienda\/#\/schema\/logo\/image\/","url":"https:\/\/carniceriaetxebeste.com\/tienda\/wp-content\/uploads\/sites\/2\/2023\/09\/Etxebeste_carniceria_logo_.png","contentUrl":"https:\/\/carniceriaetxebeste.com\/tienda\/wp-content\/uploads\/sites\/2\/2023\/09\/Etxebeste_carniceria_logo_.png","width":1200,"height":675,"caption":"Tienda online Etxebeste Carnicer\u00eda"},"image":{"@id":"https:\/\/carniceriaetxebeste.com\/tienda\/#\/schema\/logo\/image\/"}}]}},"jetpack_sharing_enabled":true,"_links":{"self":[{"href":"https:\/\/carniceriaetxebeste.com\/tienda\/wp-json\/wp\/v2\/pages\/9","targetHints":{"allow":["GET"]}}],"collection":[{"href":"https:\/\/carniceriaetxebeste.com\/tienda\/wp-json\/wp\/v2\/pages"}],"about":[{"href":"https:\/\/carniceriaetxebeste.com\/tienda\/wp-json\/wp\/v2\/types\/page"}],"author":[{"embeddable":true,"href":"https:\/\/carniceriaetxebeste.com\/tienda\/wp-json\/wp\/v2\/users\/1"}],"replies":[{"embeddable":true,"href":"https:\/\/carniceriaetxebeste.com\/tienda\/wp-json\/wp\/v2\/comments?post=9"}],"version-history":[{"count":2,"href":"https:\/\/carniceriaetxebeste.com\/tienda\/wp-json\/wp\/v2\/pages\/9\/revisions"}],"predecessor-version":[{"id":252,"href":"https:\/\/carniceriaetxebeste.com\/tienda\/wp-json\/wp\/v2\/pages\/9\/revisions\/252"}],"wp:featuredmedia":[{"embeddable":true,"href":"https:\/\/carniceriaetxebeste.com\/tienda\/wp-json\/wp\/v2\/media\/248"}],"wp:attachment":[{"href":"https:\/\/carniceriaetxebeste.com\/tienda\/wp-json\/wp\/v2\/media?parent=9"}],"curies":[{"name":"wp","href":"https:\/\/api.w.org\/{rel}","templated":true}]}}