{"id":222,"date":"2023-10-04T10:53:07","date_gmt":"2023-10-04T08:53:07","guid":{"rendered":"https:\/\/carniceriaetxebeste.com\/tienda\/?post_type=product&#038;p=222"},"modified":"2025-10-30T17:13:09","modified_gmt":"2025-10-30T16:13:09","slug":"mondeju","status":"publish","type":"product","link":"https:\/\/carniceriaetxebeste.com\/tienda\/productos-de-temporada\/mondeju\/","title":{"rendered":"Mondeju"},"content":{"rendered":"<p>Peso unidad: 500g aprox<\/p>\n<p>Elaborado por Jes\u00fas Mari de Deba<br \/>\nIngredientes: puerro, cebo de oveja, huevo, sal y cayena. Colorantes: caramelo natural, vitamina B 12 y licopeno tripa, natural de cerdo.<\/p>\n","protected":false},"excerpt":{"rendered":"<p>Peso unidad: 500g aprox<\/p>\n","protected":false},"featured_media":225,"comment_status":"open","ping_status":"closed","template":"","meta":[],"product_cat":[22],"product_tag":[],"class_list":{"0":"post-222","1":"product","2":"type-product","3":"status-publish","4":"has-post-thumbnail","6":"product_cat-productos-de-temporada","8":"first","9":"instock","10":"featured","11":"taxable","12":"shipping-taxable","13":"purchasable","14":"product-type-simple"},"yoast_head":"<!-- This site is optimized with the Yoast SEO plugin v23.9 - https:\/\/yoast.com\/wordpress\/plugins\/seo\/ -->\n<title>Mondeju | Carnicer\u00eda Etxebeste Tienda<\/title>\n<meta name=\"robots\" content=\"index, follow, max-snippet:-1, max-image-preview:large, max-video-preview:-1\" \/>\n<link rel=\"canonical\" href=\"https:\/\/carniceriaetxebeste.com\/tienda\/productos-de-temporada\/mondeju\/\" \/>\n<meta property=\"og:locale\" content=\"es_ES\" \/>\n<meta property=\"og:type\" content=\"article\" \/>\n<meta property=\"og:title\" content=\"Mondeju | Carnicer\u00eda Etxebeste Tienda\" \/>\n<meta property=\"og:description\" content=\"Peso unidad: 500g aprox\" \/>\n<meta property=\"og:url\" content=\"https:\/\/carniceriaetxebeste.com\/tienda\/productos-de-temporada\/mondeju\/\" \/>\n<meta property=\"og:site_name\" content=\"Carnicer\u00eda Etxebeste Tienda\" \/>\n<meta property=\"article:modified_time\" content=\"2025-10-30T16:13:09+00:00\" \/>\n<meta property=\"og:image\" content=\"https:\/\/carniceriaetxebeste.com\/tienda\/wp-content\/uploads\/sites\/2\/2023\/10\/Mondejua.jpg\" \/>\n\t<meta property=\"og:image:width\" content=\"800\" \/>\n\t<meta property=\"og:image:height\" content=\"800\" \/>\n\t<meta property=\"og:image:type\" content=\"image\/jpeg\" \/>\n<meta name=\"twitter:card\" content=\"summary_large_image\" \/>\n<meta name=\"twitter:label1\" content=\"Tiempo de lectura\" \/>\n\t<meta name=\"twitter:data1\" content=\"1 minuto\" \/>\n<script type=\"application\/ld+json\" class=\"yoast-schema-graph\">{\"@context\":\"https:\/\/schema.org\",\"@graph\":[{\"@type\":\"WebPage\",\"@id\":\"https:\/\/carniceriaetxebeste.com\/tienda\/productos-de-temporada\/mondeju\/\",\"url\":\"https:\/\/carniceriaetxebeste.com\/tienda\/productos-de-temporada\/mondeju\/\",\"name\":\"Mondeju | Carnicer\u00eda Etxebeste Tienda\",\"isPartOf\":{\"@id\":\"https:\/\/carniceriaetxebeste.com\/tienda\/#website\"},\"primaryImageOfPage\":{\"@id\":\"https:\/\/carniceriaetxebeste.com\/tienda\/productos-de-temporada\/mondeju\/#primaryimage\"},\"image\":{\"@id\":\"https:\/\/carniceriaetxebeste.com\/tienda\/productos-de-temporada\/mondeju\/#primaryimage\"},\"thumbnailUrl\":\"https:\/\/carniceriaetxebeste.com\/tienda\/wp-content\/uploads\/sites\/2\/2023\/10\/Mondejua.jpg\",\"datePublished\":\"2023-10-04T08:53:07+00:00\",\"dateModified\":\"2025-10-30T16:13:09+00:00\",\"breadcrumb\":{\"@id\":\"https:\/\/carniceriaetxebeste.com\/tienda\/productos-de-temporada\/mondeju\/#breadcrumb\"},\"inLanguage\":\"es\",\"potentialAction\":[{\"@type\":\"ReadAction\",\"target\":[\"https:\/\/carniceriaetxebeste.com\/tienda\/productos-de-temporada\/mondeju\/\"]}]},{\"@type\":\"ImageObject\",\"inLanguage\":\"es\",\"@id\":\"https:\/\/carniceriaetxebeste.com\/tienda\/productos-de-temporada\/mondeju\/#primaryimage\",\"url\":\"https:\/\/carniceriaetxebeste.com\/tienda\/wp-content\/uploads\/sites\/2\/2023\/10\/Mondejua.jpg\",\"contentUrl\":\"https:\/\/carniceriaetxebeste.com\/tienda\/wp-content\/uploads\/sites\/2\/2023\/10\/Mondejua.jpg\",\"width\":800,\"height\":800,\"caption\":\"Mondejua\"},{\"@type\":\"BreadcrumbList\",\"@id\":\"https:\/\/carniceriaetxebeste.com\/tienda\/productos-de-temporada\/mondeju\/#breadcrumb\",\"itemListElement\":[{\"@type\":\"ListItem\",\"position\":1,\"name\":\"Home\",\"item\":\"https:\/\/carniceriaetxebeste.com\/tienda\/\"},{\"@type\":\"ListItem\",\"position\":2,\"name\":\"Tienda\",\"item\":\"https:\/\/carniceriaetxebeste.com\/tienda\/shop\/\"},{\"@type\":\"ListItem\",\"position\":3,\"name\":\"Mondeju\"}]},{\"@type\":\"WebSite\",\"@id\":\"https:\/\/carniceriaetxebeste.com\/tienda\/#website\",\"url\":\"https:\/\/carniceriaetxebeste.com\/tienda\/\",\"name\":\"Carnicer\u00eda Etxebeste Tienda\",\"description\":\"M\u00e1s de 100 a\u00f1os de tradici\u00f3n familiar carnicera\",\"publisher\":{\"@id\":\"https:\/\/carniceriaetxebeste.com\/tienda\/#organization\"},\"alternateName\":\"Tienda, venta de carne y casquer\u00eda en Donosti\",\"potentialAction\":[{\"@type\":\"SearchAction\",\"target\":{\"@type\":\"EntryPoint\",\"urlTemplate\":\"https:\/\/carniceriaetxebeste.com\/tienda\/?s={search_term_string}\"},\"query-input\":{\"@type\":\"PropertyValueSpecification\",\"valueRequired\":true,\"valueName\":\"search_term_string\"}}],\"inLanguage\":\"es\"},{\"@type\":\"Organization\",\"@id\":\"https:\/\/carniceriaetxebeste.com\/tienda\/#organization\",\"name\":\"Tienda online Etxebeste Carnicer\u00eda\",\"url\":\"https:\/\/carniceriaetxebeste.com\/tienda\/\",\"logo\":{\"@type\":\"ImageObject\",\"inLanguage\":\"es\",\"@id\":\"https:\/\/carniceriaetxebeste.com\/tienda\/#\/schema\/logo\/image\/\",\"url\":\"https:\/\/carniceriaetxebeste.com\/tienda\/wp-content\/uploads\/sites\/2\/2023\/09\/Etxebeste_carniceria_logo_.png\",\"contentUrl\":\"https:\/\/carniceriaetxebeste.com\/tienda\/wp-content\/uploads\/sites\/2\/2023\/09\/Etxebeste_carniceria_logo_.png\",\"width\":1200,\"height\":675,\"caption\":\"Tienda online Etxebeste Carnicer\u00eda\"},\"image\":{\"@id\":\"https:\/\/carniceriaetxebeste.com\/tienda\/#\/schema\/logo\/image\/\"}}]}<\/script>\n<!-- \/ Yoast SEO plugin. -->","yoast_head_json":{"title":"Mondeju | Carnicer\u00eda Etxebeste Tienda","robots":{"index":"index","follow":"follow","max-snippet":"max-snippet:-1","max-image-preview":"max-image-preview:large","max-video-preview":"max-video-preview:-1"},"canonical":"https:\/\/carniceriaetxebeste.com\/tienda\/productos-de-temporada\/mondeju\/","og_locale":"es_ES","og_type":"article","og_title":"Mondeju | Carnicer\u00eda Etxebeste Tienda","og_description":"Peso unidad: 500g aprox","og_url":"https:\/\/carniceriaetxebeste.com\/tienda\/productos-de-temporada\/mondeju\/","og_site_name":"Carnicer\u00eda Etxebeste Tienda","article_modified_time":"2025-10-30T16:13:09+00:00","og_image":[{"width":800,"height":800,"url":"https:\/\/carniceriaetxebeste.com\/tienda\/wp-content\/uploads\/sites\/2\/2023\/10\/Mondejua.jpg","type":"image\/jpeg"}],"twitter_card":"summary_large_image","twitter_misc":{"Tiempo de lectura":"1 minuto"},"schema":{"@context":"https:\/\/schema.org","@graph":[{"@type":"WebPage","@id":"https:\/\/carniceriaetxebeste.com\/tienda\/productos-de-temporada\/mondeju\/","url":"https:\/\/carniceriaetxebeste.com\/tienda\/productos-de-temporada\/mondeju\/","name":"Mondeju | Carnicer\u00eda Etxebeste Tienda","isPartOf":{"@id":"https:\/\/carniceriaetxebeste.com\/tienda\/#website"},"primaryImageOfPage":{"@id":"https:\/\/carniceriaetxebeste.com\/tienda\/productos-de-temporada\/mondeju\/#primaryimage"},"image":{"@id":"https:\/\/carniceriaetxebeste.com\/tienda\/productos-de-temporada\/mondeju\/#primaryimage"},"thumbnailUrl":"https:\/\/carniceriaetxebeste.com\/tienda\/wp-content\/uploads\/sites\/2\/2023\/10\/Mondejua.jpg","datePublished":"2023-10-04T08:53:07+00:00","dateModified":"2025-10-30T16:13:09+00:00","breadcrumb":{"@id":"https:\/\/carniceriaetxebeste.com\/tienda\/productos-de-temporada\/mondeju\/#breadcrumb"},"inLanguage":"es","potentialAction":[{"@type":"ReadAction","target":["https:\/\/carniceriaetxebeste.com\/tienda\/productos-de-temporada\/mondeju\/"]}]},{"@type":"ImageObject","inLanguage":"es","@id":"https:\/\/carniceriaetxebeste.com\/tienda\/productos-de-temporada\/mondeju\/#primaryimage","url":"https:\/\/carniceriaetxebeste.com\/tienda\/wp-content\/uploads\/sites\/2\/2023\/10\/Mondejua.jpg","contentUrl":"https:\/\/carniceriaetxebeste.com\/tienda\/wp-content\/uploads\/sites\/2\/2023\/10\/Mondejua.jpg","width":800,"height":800,"caption":"Mondejua"},{"@type":"BreadcrumbList","@id":"https:\/\/carniceriaetxebeste.com\/tienda\/productos-de-temporada\/mondeju\/#breadcrumb","itemListElement":[{"@type":"ListItem","position":1,"name":"Home","item":"https:\/\/carniceriaetxebeste.com\/tienda\/"},{"@type":"ListItem","position":2,"name":"Tienda","item":"https:\/\/carniceriaetxebeste.com\/tienda\/shop\/"},{"@type":"ListItem","position":3,"name":"Mondeju"}]},{"@type":"WebSite","@id":"https:\/\/carniceriaetxebeste.com\/tienda\/#website","url":"https:\/\/carniceriaetxebeste.com\/tienda\/","name":"Carnicer\u00eda Etxebeste Tienda","description":"M\u00e1s de 100 a\u00f1os de tradici\u00f3n familiar carnicera","publisher":{"@id":"https:\/\/carniceriaetxebeste.com\/tienda\/#organization"},"alternateName":"Tienda, venta de carne y casquer\u00eda en Donosti","potentialAction":[{"@type":"SearchAction","target":{"@type":"EntryPoint","urlTemplate":"https:\/\/carniceriaetxebeste.com\/tienda\/?s={search_term_string}"},"query-input":{"@type":"PropertyValueSpecification","valueRequired":true,"valueName":"search_term_string"}}],"inLanguage":"es"},{"@type":"Organization","@id":"https:\/\/carniceriaetxebeste.com\/tienda\/#organization","name":"Tienda online Etxebeste Carnicer\u00eda","url":"https:\/\/carniceriaetxebeste.com\/tienda\/","logo":{"@type":"ImageObject","inLanguage":"es","@id":"https:\/\/carniceriaetxebeste.com\/tienda\/#\/schema\/logo\/image\/","url":"https:\/\/carniceriaetxebeste.com\/tienda\/wp-content\/uploads\/sites\/2\/2023\/09\/Etxebeste_carniceria_logo_.png","contentUrl":"https:\/\/carniceriaetxebeste.com\/tienda\/wp-content\/uploads\/sites\/2\/2023\/09\/Etxebeste_carniceria_logo_.png","width":1200,"height":675,"caption":"Tienda online Etxebeste Carnicer\u00eda"},"image":{"@id":"https:\/\/carniceriaetxebeste.com\/tienda\/#\/schema\/logo\/image\/"}}]}},"jetpack_sharing_enabled":true,"_links":{"self":[{"href":"https:\/\/carniceriaetxebeste.com\/tienda\/wp-json\/wp\/v2\/product\/222","targetHints":{"allow":["GET"]}}],"collection":[{"href":"https:\/\/carniceriaetxebeste.com\/tienda\/wp-json\/wp\/v2\/product"}],"about":[{"href":"https:\/\/carniceriaetxebeste.com\/tienda\/wp-json\/wp\/v2\/types\/product"}],"replies":[{"embeddable":true,"href":"https:\/\/carniceriaetxebeste.com\/tienda\/wp-json\/wp\/v2\/comments?post=222"}],"wp:featuredmedia":[{"embeddable":true,"href":"https:\/\/carniceriaetxebeste.com\/tienda\/wp-json\/wp\/v2\/media\/225"}],"wp:attachment":[{"href":"https:\/\/carniceriaetxebeste.com\/tienda\/wp-json\/wp\/v2\/media?parent=222"}],"wp:term":[{"taxonomy":"product_cat","embeddable":true,"href":"https:\/\/carniceriaetxebeste.com\/tienda\/wp-json\/wp\/v2\/product_cat?post=222"},{"taxonomy":"product_tag","embeddable":true,"href":"https:\/\/carniceriaetxebeste.com\/tienda\/wp-json\/wp\/v2\/product_tag?post=222"}],"curies":[{"name":"wp","href":"https:\/\/api.w.org\/{rel}","templated":true}]}}